{"id":171,"date":"2025-04-03T13:04:39","date_gmt":"2025-04-03T12:04:39","guid":{"rendered":"https:\/\/atlanticcoastsurfschool.com\/campers-da-costa-atlantica\/"},"modified":"2025-07-10T11:33:20","modified_gmt":"2025-07-10T10:33:20","slug":"campers-da-costa-atlantica","status":"publish","type":"page","link":"https:\/\/atlanticcoastsurfschool.com\/pt-pt\/","title":{"rendered":"Atlantic Coast Surf School"},"content":{"rendered":"\n<div class=\"wp-block-columns is-layout-flex wp-container-core-columns-is-layout-9d6595d7 wp-block-columns-is-layout-flex\">\n<div class=\"wp-block-column is-layout-flow wp-block-column-is-layout-flow\">\n<h5 class=\"wp-block-heading text-[17px] uppercase font-bold mb-2 text-ac-orange tracking-[1.6px]\">Surf&#8217;s Up<\/h5>\n\n\n\n<h2 class=\"wp-block-heading text-4xl font-medium text-gray-800 mb-6\">Sente-te<strong> <\/strong>seguro no mar<\/h2>\n\n\n\n<p>Num ambiente seguro e divertido \u2013 com instrutores de surf e nadadores-salvadores qualificados \u2013 na bel\u00edssima costa oeste de Portugal, conhecida como a Costa Dourada da Europa.<\/p>\n\n\n\n<p>A equipa da Atlantic Coast Surf School tem mais de 10 anos de experi\u00eancia profissional a ensinar surf. Aproveita a nossa experi\u00eancia para viver umas f\u00e9rias de surf inesquec\u00edveis. <\/p>\n\n\n\n<ul class=\"wp-block-list colored-title-list\">\n<li><strong><a href=\"https:\/\/atlanticcoastsurfschool.com\/pt-pt\/aulas-de-surf\/\">Aulas de surf<\/a><\/strong><br\/>Nas nossas aulas de surf ter\u00e1s \u00e0 tua disposi\u00e7\u00e3o uma das v\u00e1rias pranchas de surf e fatos de neoprene, para ver\u00e3o ou inverno.<\/li>\n\n\n\n<li><strong><a href=\"https:\/\/atlanticcoastsurfschool.com\/pt-pt\/alojamento-surf\/\">Surf &amp; Alojamento<\/a><\/strong><br\/>Fica alojado em apartamentos privados auto-suficientes situados mesmo na praia, com uma piscina com vista para o mar ou numa vivenda privada.<\/li>\n\n\n\n<li><strong><a href=\"https:\/\/atlanticcoastsurfschool.com\/pt-pt\/pacotes\/\">Pacotes de Surf<\/a><\/strong><br\/>Oferecemos-te aulas de surf privadas e em grupo para principiantes, interm\u00e9dios e avan\u00e7ados.<\/li>\n<\/ul>\n<\/div>\n\n\n\n<div class=\"wp-block-column is-layout-flow wp-block-column-is-layout-flow\">\n<figure class=\"wp-block-image size-large is-style-default\"><img alt=\"\" loading=\"lazy\" decoding=\"async\" width=\"819\" height=\"1024\" src=\"https:\/\/atlanticcoastsurfschool.com\/wp-content\/uploads\/2025\/06\/home_page_surf-819x1024.webp\" alt=\"\" class=\"wp-image-795\" srcset=\"https:\/\/atlanticcoastsurfschool.com\/wp-content\/uploads\/2025\/06\/home_page_surf-819x1024.webp 819w, https:\/\/atlanticcoastsurfschool.com\/wp-content\/uploads\/2025\/06\/home_page_surf-240x300.webp 240w, https:\/\/atlanticcoastsurfschool.com\/wp-content\/uploads\/2025\/06\/home_page_surf-768x960.webp 768w, https:\/\/atlanticcoastsurfschool.com\/wp-content\/uploads\/2025\/06\/home_page_surf-600x750.webp 600w, https:\/\/atlanticcoastsurfschool.com\/wp-content\/uploads\/2025\/06\/home_page_surf.webp 1072w\" sizes=\"auto, (max-width: 819px) 100vw, 819px\" \/><\/figure>\n<\/div>\n<\/div>\n","protected":false},"excerpt":{"rendered":"<p>Surf&#8217;s Up Sente-te seguro no mar Num ambiente seguro e divertido \u2013 com instrutores de surf e nadadores-salvadores qualificados \u2013 na bel\u00edssima costa oeste de Portugal, conhecida como a Costa Dourada da Europa. A equipa da Atlantic Coast Surf School tem mais de 10 anos de experi\u00eancia profissional a ensinar surf. Aproveita a nossa experi\u00eancia [&hellip;]<\/p>\n","protected":false},"author":1,"featured_media":0,"parent":0,"menu_order":0,"comment_status":"closed","ping_status":"open","template":"","meta":{"_acf_changed":false,"_seopress_robots_primary_cat":"","_seopress_titles_title":"","_seopress_titles_desc":"","_seopress_robots_index":"","footnotes":""},"class_list":["post-171","page","type-page","status-publish","hentry"],"acf":[],"featured_image_src":null,"_links":{"self":[{"href":"https:\/\/atlanticcoastsurfschool.com\/pt-pt\/wp-json\/wp\/v2\/pages\/171","targetHints":{"allow":["GET"]}}],"collection":[{"href":"https:\/\/atlanticcoastsurfschool.com\/pt-pt\/wp-json\/wp\/v2\/pages"}],"about":[{"href":"https:\/\/atlanticcoastsurfschool.com\/pt-pt\/wp-json\/wp\/v2\/types\/page"}],"author":[{"embeddable":true,"href":"https:\/\/atlanticcoastsurfschool.com\/pt-pt\/wp-json\/wp\/v2\/users\/1"}],"replies":[{"embeddable":true,"href":"https:\/\/atlanticcoastsurfschool.com\/pt-pt\/wp-json\/wp\/v2\/comments?post=171"}],"version-history":[{"count":0,"href":"https:\/\/atlanticcoastsurfschool.com\/pt-pt\/wp-json\/wp\/v2\/pages\/171\/revisions"}],"wp:attachment":[{"href":"https:\/\/atlanticcoastsurfschool.com\/pt-pt\/wp-json\/wp\/v2\/media?parent=171"}],"curies":[{"name":"wp","href":"https:\/\/api.w.org\/{rel}","templated":true}]}}