{"id":1039,"date":"2025-04-08T12:04:53","date_gmt":"2025-04-08T11:04:53","guid":{"rendered":"https:\/\/atlanticcoastsurfschool.com\/sobre-nos\/"},"modified":"2025-10-08T16:19:10","modified_gmt":"2025-10-08T15:19:10","slug":"sobre-nos","status":"publish","type":"page","link":"https:\/\/atlanticcoastsurfschool.com\/pt-pt\/sobre-nos\/","title":{"rendered":"Sobre n\u00f3s"},"content":{"rendered":"\n<p>Bem-vindo \u00e0s aulas de Surf na Praia Azul. A nossa miss\u00e3o \u00e9 colocar muito amor e dedica\u00e7\u00e3o a ensinar crian\u00e7as e adultos a desfrutar da magia de deslizar sobre as ondas. A Praia Azul \u00e9 uma joia da costa oeste, totalmente fora dos circuitos tur\u00edsticos. Um para\u00edso junto ao mar! Situada perto de Santa Cruz, entre as movimentadas vilas de surf Peniche e Ericeira. Apenas a 45 minutos do aeroporto de Lisboa e a 15 minutos de Torres Vedras, \u00e9 um \u00f3timo local com uma localiza\u00e7\u00e3o privilegiada. Ambiente super relaxante, com a vila da festa apenas a 5 minutos. A apenas 30 minutos da vila medieval de \u00d3bidos, ideal para quem quiser mergulhar na hist\u00f3ria.       <\/p>\n\n<p><\/p>\n","protected":false},"excerpt":{"rendered":"<p>Bem-vindo \u00e0s aulas de Surf na Praia Azul. A nossa miss\u00e3o \u00e9 colocar muito amor e dedica\u00e7\u00e3o a ensinar crian\u00e7as e adultos a desfrutar da magia de deslizar sobre as ondas. A Praia Azul \u00e9 uma joia da costa oeste, totalmente fora dos circuitos tur\u00edsticos. Um para\u00edso junto ao mar! Situada perto de Santa Cruz, [&hellip;]<\/p>\n","protected":false},"author":1,"featured_media":0,"parent":0,"menu_order":0,"comment_status":"closed","ping_status":"closed","template":"templates\/about-us.php","meta":{"_acf_changed":false,"_seopress_robots_primary_cat":"","_seopress_titles_title":"","_seopress_titles_desc":"","_seopress_robots_index":"","footnotes":""},"class_list":["post-1039","page","type-page","status-publish","hentry"],"acf":[],"featured_image_src":null,"_links":{"self":[{"href":"https:\/\/atlanticcoastsurfschool.com\/pt-pt\/wp-json\/wp\/v2\/pages\/1039","targetHints":{"allow":["GET"]}}],"collection":[{"href":"https:\/\/atlanticcoastsurfschool.com\/pt-pt\/wp-json\/wp\/v2\/pages"}],"about":[{"href":"https:\/\/atlanticcoastsurfschool.com\/pt-pt\/wp-json\/wp\/v2\/types\/page"}],"author":[{"embeddable":true,"href":"https:\/\/atlanticcoastsurfschool.com\/pt-pt\/wp-json\/wp\/v2\/users\/1"}],"replies":[{"embeddable":true,"href":"https:\/\/atlanticcoastsurfschool.com\/pt-pt\/wp-json\/wp\/v2\/comments?post=1039"}],"version-history":[{"count":0,"href":"https:\/\/atlanticcoastsurfschool.com\/pt-pt\/wp-json\/wp\/v2\/pages\/1039\/revisions"}],"wp:attachment":[{"href":"https:\/\/atlanticcoastsurfschool.com\/pt-pt\/wp-json\/wp\/v2\/media?parent=1039"}],"curies":[{"name":"wp","href":"https:\/\/api.w.org\/{rel}","templated":true}]}}