{"id":1315,"date":"2025-05-22T16:31:23","date_gmt":"2025-05-22T15:31:23","guid":{"rendered":"https:\/\/atlanticcoastsurfschool.com\/?page_id=1315"},"modified":"2025-06-23T10:43:44","modified_gmt":"2025-06-23T09:43:44","slug":"allgemeine-geschaeftsbedingungen","status":"publish","type":"page","link":"https:\/\/atlanticcoastsurfschool.com\/de\/allgemeine-geschaeftsbedingungen\/","title":{"rendered":"Allgemeine Gesch\u00e4ftsbedingungen"},"content":{"rendered":"\n<p>BUCHUNGEN UND ZAHLUNGSABWICKLUNG<\/p>\n\n\n\n<p>Die Anmeldung muss per E-Mail oder schriftlich erfolgen. Die Person, die sich anmeldet, sowie alle anderen eingetragenen Teilnehmer \u00fcbernehmen die Verantwortung f\u00fcr die Vertragserf\u00fcllung.<br>Die Anmeldung wird wirksam, sobald das Anmeldeformular eingegangen und vom Veranstalter (im Folgenden Atlantic Coast Surf School genannt) per E-Mail best\u00e4tigt wurde. Nach Erhalt der Buchung best\u00e4tigt Atlantic Coast Surf School die Buchung per E-Mail und informiert den Kunden \u00fcber die Anzahlung und Kontodaten. Der Vertrag kommt zustande, sobald die Zahlung vom Unternehmen anerkannt wird.<br>Antragsteller unter 18 Jahren ben\u00f6tigen eine Erlaubnis der Eltern.<br>Nach Absenden des Buchungsformulars erhalten Sie eine Best\u00e4tigung per E-Mail. Gleichzeitig ist eine Anzahlung zu \u00fcberweisen. Ein Teilnahmeanspruch entsteht erst mit Zahlungseingang. Der Teilnehmer erh\u00e4lt anschlie\u00dfend eine Anmeldebest\u00e4tigung, Wegbeschreibung sowie Tipps zur Surfvorbereitung und zum Urlaubsgep\u00e4ck. Alle Zahlungen m\u00fcssen den Namen des Teilnehmers enthalten.<\/p>\n\n\n\n<div style=\"height:20px\" aria-hidden=\"true\" class=\"wp-block-spacer\"><\/div>\n\n\n\n<p>TEILNAHMEBEDINGUNGEN \/ RECHTLICHE AUFSICHTSPFLICHT<\/p>\n\n\n\n<p>Allgemeine Gesch\u00e4ftsbedingungen<br>Eignungsvoraussetzungen und Haftung f\u00fcr M\u00e4ngel<br>Der Kunde muss Folgendes beachten:<br>Surfen ist ein gef\u00e4hrlicher (risikoreicher) Sport,<br>Es besteht ein hohes Risiko f\u00fcr Verletzungen an sich selbst und\/oder anderen.<br>Der Kunde hat den Anweisungen der Lehrer ohne Ausnahme Folge zu leisten.<br>Atlantic Coast Surf School \u00fcbernimmt keine Haftung f\u00fcr Personen- oder Sachsch\u00e4den, die auf Fahrl\u00e4ssigkeit beruhen.<br>Sie m\u00fcssen sicherstellen, dass die bei der Anmeldung gemachten Angaben korrekt und vollst\u00e4ndig sind.<br>Gute Schwimmf\u00e4higkeiten und eine gewisse Fitness sind Voraussetzung f\u00fcr die Teilnahme. Teilnehmer m\u00fcssen mit abenteuerlichen und teils anstrengenden Aktivit\u00e4ten rechnen. Obwohl nicht bei allen Kursen Vorerfahrung oder Training erforderlich ist, wird eine gute allgemeine Gesundheit erwartet.<br>Der Teilnehmer erkl\u00e4rt ausdr\u00fccklich, dass keine medizinischen Gr\u00fcnde gegen seine Teilnahme am Surfen sprechen.<br>Der Kunde muss selbst einsch\u00e4tzen, ob er den Kursanforderungen gewachsen ist. Der Veranstalter beh\u00e4lt sich vor, Buchungen aus medizinischen Gr\u00fcnden abzulehnen, wenn dies der Sicherheit und dem Ablauf des Kurses dient. Vor Reiseantritt wird empfohlen, bei gesundheitlichen Bedenken einen Arzt zu konsultieren.<br>Der Veranstalter \u00fcbernimmt keine Aufsichtspflicht f\u00fcr Minderj\u00e4hrige, au\u00dfer der bestehenden gesetzlichen Verkehrssicherungspflicht.<br>Teilnehmer am Surfkurs m\u00fcssen vollj\u00e4hrig sein. Minderj\u00e4hrige ben\u00f6tigen die schriftliche Einwilligung eines Erziehungsberechtigten, der die Reife und Verantwortlichkeit des Kindes f\u00fcr die Teilnahme best\u00e4tigt.<br>Das Unternehmen \u00fcbernimmt keine Aufsichtspflicht, au\u00dfer den gesetzlichen Verkehrsvorschriften. Erziehungsberechtigte m\u00fcssen die Risiken der Abenteueraktivit\u00e4ten kennen und akzeptieren.<br>Der Veranstalter haftet nicht f\u00fcr Gefahren, die mit dem Surfen verbunden sind. Der Teilnehmer akzeptiert diese Risiken.<\/p>\n\n\n\n<div style=\"height:20px\" aria-hidden=\"true\" class=\"wp-block-spacer\"><\/div>\n\n\n\n<p>HAFTUNG<\/p>\n\n\n\n<p>Die Teilnahme am Kurs, die Anreise, die Nutzung der angebotenen Leistungen sowie der Aufenthalt erfolgen auf eigene Verantwortung. Der Veranstalter haftet nicht f\u00fcr typische Surfgefahren, die vom Teilnehmer bewusst akzeptiert werden, sowie nicht f\u00fcr Sch\u00e4den, die durch andere Kursteilnehmer oder Dritte verursacht werden.<br>Eine Haftung f\u00fcr Verlust oder Besch\u00e4digung pers\u00f6nlicher Gegenst\u00e4nde des Teilnehmers wird ausgeschlossen.<br>Die Ausr\u00fcstung ist sorgf\u00e4ltig zu behandeln. Der Kunde ist f\u00fcr die Sicherheit der w\u00e4hrend des Kurses ausgestellten Ausr\u00fcstung verantwortlich.<br>Bei grober Fahrl\u00e4ssigkeit haftet der Teilnehmer f\u00fcr entstandene Sch\u00e4den.<br>Das Unternehmen beh\u00e4lt sich vor, f\u00fcr verlorene oder besch\u00e4digte Ausr\u00fcstung Kosten zu berechnen.<br>Jegliche Verletzungen oder Erkrankungen vor Kursbeginn sind zu melden.<br>Sofern Fremdfirmen mit Zusatzleistungen beauftragt werden, haften diese f\u00fcr entsprechende Sch\u00e4den.<\/p>\n\n\n\n<div style=\"height:20px\" aria-hidden=\"true\" class=\"wp-block-spacer\"><\/div>\n\n\n\n<p>HAFTUNGSBESCHR\u00c4NKUNG<\/p>\n\n\n\n<p>Die vertragliche Haftung des Veranstalters ist auf das Dreifache des Kurspreises begrenzt, sofern kein Vorsatz oder grobe Fahrl\u00e4ssigkeit vorliegt. Atlantic Coast Surf School ist gem\u00e4\u00df portugiesischem Recht haftpflichtversichert.<br>Haftung f\u00fcr Unf\u00e4lle oder Sch\u00e4den \u00fcbernimmt das Unternehmen nur, wenn eine Versicherung die Kosten \u00fcbernimmt. Weitere Haftungsanspr\u00fcche sind ausgeschlossen. Der Teilnehmer \u00fcbernimmt die Haftung f\u00fcr Sch\u00e4den, die er anderen zuf\u00fcgt. Die Haftung ist unabh\u00e4ngig von Rechtsgrund, Zeit, Person oder Umst\u00e4nden ausgeschlossen.<\/p>\n\n\n\n<div style=\"height:20px\" aria-hidden=\"true\" class=\"wp-block-spacer\"><\/div>\n\n\n\n<p>KURSABSAGE UND VERTRAGSABBRUCH DURCH ATLANTIC COAST SURF SCHOOL<\/p>\n\n\n\n<p>Der Veranstalter kann den Vertrag vor Kursbeginn oder nach Kursbeginn k\u00fcndigen, wenn:<\/p>\n\n\n\n<ul class=\"wp-block-list\">\n<li>der Teilnehmer trotz Abmahnung den Kursablauf dauerhaft st\u00f6rt,<\/li>\n\n\n\n<li>oder sich so vertragswidrig verh\u00e4lt, dass eine sofortige K\u00fcndigung gerechtfertigt ist.<br>Bei K\u00fcndigung durch den Veranstalter bleibt der Anspruch auf den Kurspreis bestehen.<br>Verhaltensregeln sind einzuhalten. Bei unangemessenem Verhalten, das den Ruf oder die Sicherheit anderer Teilnehmer oder des Veranstalters gef\u00e4hrdet, kann der Kunde jederzeit vom Kurs ausgeschlossen werden. In diesem Fall erfolgt keine R\u00fcckerstattung.<\/li>\n<\/ul>\n\n\n\n<div style=\"height:20px\" aria-hidden=\"true\" class=\"wp-block-spacer\"><\/div>\n\n\n\n<p>K\u00dcNDIGUNG \/ R\u00dcCKTRITT DURCH DEN TEILNEHMER<\/p>\n\n\n\n<p>Der Teilnehmer kann jederzeit schriftlich vom Kurs zur\u00fccktreten. Entscheidend ist der Eingang der R\u00fccktrittserkl\u00e4rung bei Atlantic Coast Surf School.<br>Bei R\u00fccktritt oder Nichtantritt kann das Unternehmen Aufwendungsersatz verlangen.<br>Es gelten folgende Kosten:<br>80 \u20ac Verwaltungsgeb\u00fchr pro Kurs\/Stellvertreter bei Stornierung mit mehr als 3 Monaten Vorlauf oder bei Ersatz durch eine andere Person.<br>Wird der Vertrag von einem Dritten \u00fcbernommen, haften dieser und der urspr\u00fcngliche Teilnehmer gesamtschuldnerisch f\u00fcr die Kursgeb\u00fchr.<br>Bis 28 Tage vor Kursbeginn wird die Anzahlung einbehalten. Auch bei Verursachung von K\u00f6rpersch\u00e4den durch den Teilnehmer bleibt der Anspruch auf Kursgeb\u00fchr bestehen.<\/p>\n\n\n\n<div style=\"height:20px\" aria-hidden=\"true\" class=\"wp-block-spacer\"><\/div>\n\n\n\n<p>ALTERNATIVE TEILNAHME \/ UMBUCHUNG<\/p>\n\n\n\n<p>Vor Kursbeginn kann der Teilnehmer verlangen, dass ein Dritter die Rechte und Pflichten aus dem Kursvertrag \u00fcbernimmt. Daf\u00fcr wird eine Geb\u00fchr von 45 \u20ac pro Teilnehmer f\u00e4llig.<br>Der Veranstalter kann die \u00dcbernahme ablehnen, wenn der Dritte die Teilnahmevoraussetzungen nicht erf\u00fcllt oder gesetzliche Vorschriften dem entgegenstehen.<br>Bei \u00dcbernahme haften der urspr\u00fcngliche und der neue Teilnehmer gemeinsam.<br>Bei Umbuchung auf Wunsch des Teilnehmers wird eine Geb\u00fchr von 45 \u20ac pro Teilnehmer erhoben.<\/p>\n\n\n\n<div style=\"height:20px\" aria-hidden=\"true\" class=\"wp-block-spacer\"><\/div>\n\n\n\n<p>VERSICHERUNGEN<\/p>\n\n\n\n<p>Eine Reiser\u00fccktrittsversicherung ist nicht im Preis enthalten, wird aber empfohlen. Auch der Abschluss eines Versicherungspakets wird angeraten.<\/p>\n\n\n\n<div style=\"height:20px\" aria-hidden=\"true\" class=\"wp-block-spacer\"><\/div>\n\n\n\n<p>MINDESTTEILNEHMERZAHL<\/p>\n\n\n\n<p>Es gibt keine Mindestteilnehmerzahl.<\/p>\n\n\n\n<div style=\"height:20px\" aria-hidden=\"true\" class=\"wp-block-spacer\"><\/div>\n\n\n\n<p>\u00c4NDERUNGEN IM KURSVERLAUF<\/p>\n\n\n\n<p>\u00c4nderungen im Kursablauf sind witterungsbedingt m\u00f6glich. Aufgrund kurzfristiger Risiken kann der Veranstalter \u00c4nderungen oder Verlegungen vornehmen.<br>Atlantic Coast Surf School \u00fcbernimmt keine Haftung oder Erstattungen bei Leistungsausf\u00e4llen durch unvorhersehbare Ereignisse wie Naturkatastrophen oder Wetterextreme.<\/p>\n\n\n\n<div style=\"height:20px\" aria-hidden=\"true\" class=\"wp-block-spacer\"><\/div>\n\n\n\n<p>GEW\u00c4HRLEISTUNG<\/p>\n\n\n\n<p>Der Teilnehmer erkl\u00e4rt sich damit einverstanden, dass der Veranstalter fehlerfreie Leistungen erbringt oder fehlerhafte innerhalb angemessener Frist nachbessert. Ersatzleistungen k\u00f6nnen auch gleichwertig oder h\u00f6herwertig sein, was der Teilnehmer ebenfalls akzeptiert. M\u00e4ngel sind unverz\u00fcglich vor Ort zu melden. Der Veranstalter kann Nachbesserungen ablehnen, wenn der Aufwand unverh\u00e4ltnism\u00e4\u00dfig ist. Der Teilnehmer ist verpflichtet, zur Schadensminderung beizutragen und Beschwerden sofort an den \u00f6rtlichen Ansprechpartner weiterzuleiten.<\/p>\n\n\n\n<div style=\"height:20px\" aria-hidden=\"true\" class=\"wp-block-spacer\"><\/div>\n\n\n\n<p>AUSSCHLUSS VON ANSPR\u00dcCHEN \/ VERJ\u00c4HRUNG<\/p>\n\n\n\n<p>Anspr\u00fcche wegen mangelhafter Leistung oder Vertragsverletzungen m\u00fcssen innerhalb eines Monats nach Kursende geltend gemacht werden. Danach sind Anspr\u00fcche nur noch m\u00f6glich, wenn der Teilnehmer ohne eigenes Verschulden die Frist nicht einhalten konnte.<br>Gerichtsstand f\u00fcr alle Streitigkeiten ist Portugal. Es gilt portugiesisches Recht.<\/p>\n\n\n\n<div style=\"height:20px\" aria-hidden=\"true\" class=\"wp-block-spacer\"><\/div>\n\n\n\n<p>SALVATORISCHE KLAUSEL<\/p>\n\n\n\n<p>Sollten einzelne Klauseln unwirksam sein, bleibt die G\u00fcltigkeit des Vertrags und der \u00fcbrigen Bedingungen unber\u00fchrt.<\/p>\n\n\n\n<div style=\"height:20px\" aria-hidden=\"true\" class=\"wp-block-spacer\"><\/div>\n\n\n\n<p>INHALT<\/p>\n\n\n\n<p>Atlantic Coast Surf School \u00fcbernimmt keine Haftung f\u00fcr die Richtigkeit, Aktualit\u00e4t oder Vollst\u00e4ndigkeit der Informationen auf der Website.<br>Keine Haftung f\u00fcr Sch\u00e4den durch Nutzung der Website oder durch Links auf externe Seiten.<br>Bilder des Aufenthalts werden zu Werbezwecken genutzt.<\/p>\n\n\n\n<p>WICHTIGE KONTAKTE<br>Polizei: 261 330 770<br>Notruf: 112<br>Feuerwehr: 261 327 150<br>Taxi: 261 422 522<br>Surfschule: 913922227<\/p>\n\n\n\n<div style=\"height:20px\" aria-hidden=\"true\" class=\"wp-block-spacer\"><\/div>\n\n\n\n<p>Wir w\u00fcnschen Ihnen einen sch\u00f6nen Aufenthalt!<\/p>\n","protected":false},"excerpt":{"rendered":"<p>BUCHUNGEN UND ZAHLUNGSABWICKLUNG Die Anmeldung muss per E-Mail oder schriftlich erfolgen. Die Person, die sich anmeldet, sowie alle anderen eingetragenen Teilnehmer \u00fcbernehmen die Verantwortung f\u00fcr die Vertragserf\u00fcllung.Die Anmeldung wird wirksam, sobald das Anmeldeformular eingegangen und vom Veranstalter (im Folgenden Atlantic Coast Surf School genannt) per E-Mail best\u00e4tigt wurde. Nach Erhalt der Buchung best\u00e4tigt Atlantic Coast [&hellip;]<\/p>\n","protected":false},"author":3,"featured_media":0,"parent":0,"menu_order":0,"comment_status":"closed","ping_status":"closed","template":"","meta":{"_acf_changed":false,"_seopress_robots_primary_cat":"","_seopress_titles_title":"","_seopress_titles_desc":"","_seopress_robots_index":"","footnotes":""},"class_list":["post-1315","page","type-page","status-publish","hentry"],"acf":[],"featured_image_src":null,"_links":{"self":[{"href":"https:\/\/atlanticcoastsurfschool.com\/de\/wp-json\/wp\/v2\/pages\/1315","targetHints":{"allow":["GET"]}}],"collection":[{"href":"https:\/\/atlanticcoastsurfschool.com\/de\/wp-json\/wp\/v2\/pages"}],"about":[{"href":"https:\/\/atlanticcoastsurfschool.com\/de\/wp-json\/wp\/v2\/types\/page"}],"author":[{"embeddable":true,"href":"https:\/\/atlanticcoastsurfschool.com\/de\/wp-json\/wp\/v2\/users\/3"}],"replies":[{"embeddable":true,"href":"https:\/\/atlanticcoastsurfschool.com\/de\/wp-json\/wp\/v2\/comments?post=1315"}],"version-history":[{"count":0,"href":"https:\/\/atlanticcoastsurfschool.com\/de\/wp-json\/wp\/v2\/pages\/1315\/revisions"}],"wp:attachment":[{"href":"https:\/\/atlanticcoastsurfschool.com\/de\/wp-json\/wp\/v2\/media?parent=1315"}],"curies":[{"name":"wp","href":"https:\/\/api.w.org\/{rel}","templated":true}]}}