{"id":1109,"date":"2025-04-08T12:04:53","date_gmt":"2025-04-08T11:04:53","guid":{"rendered":"https:\/\/atlanticcoastsurfschool.com\/ueber-uns\/"},"modified":"2025-10-08T17:00:41","modified_gmt":"2025-10-08T16:00:41","slug":"ueber-uns","status":"publish","type":"page","link":"https:\/\/atlanticcoastsurfschool.com\/de\/ueber-uns\/","title":{"rendered":"\u00dcber uns"},"content":{"rendered":"\n<p>Willkommen bei den Praia Azul Surfkursen. Unsere Mission ist es, viel Liebe und Hingabe in das Unterrichten der Kinder und Erwachsenen zu stecken, damit sie die Magie des Wellenreitens genie\u00dfen k\u00f6nnen. Praia Azul ist ein verstecktes Juwel an der Westk\u00fcste, v\u00f6llig abseits der \u00fcblichen Wege.<br\/>Ein Paradies am Meer! In der N\u00e4he von Santa Cruz und zwischen den belebten Surferst\u00e4dten Peniche und Ericeira gelegen. Nur 45 Minuten vom Flughafen Lissabon und 15 Minuten von Torres Vedras entfernt, ist es ein gro\u00dfartiger Ort mit einer hervorragenden Lage. In einer super entspannenden Umgebung, in der sich die Partystadt nur 5 Minuten entfernt befindet. Nur 30 Minuten von der mittelalterlichen Stadt \u00d3bidos entfernt, falls Sie in die Geschichte Portugals eintauchen m\u00f6chten.       <\/p>\n\n<p><\/p>\n","protected":false},"excerpt":{"rendered":"<p>Willkommen bei den Praia Azul Surfkursen. Unsere Mission ist es, viel Liebe und Hingabe in das Unterrichten der Kinder und Erwachsenen zu stecken, damit sie die Magie des Wellenreitens genie\u00dfen k\u00f6nnen. Praia Azul ist ein verstecktes Juwel an der Westk\u00fcste, v\u00f6llig abseits der \u00fcblichen Wege.Ein Paradies am Meer! In der N\u00e4he von Santa Cruz und [&hellip;]<\/p>\n","protected":false},"author":1,"featured_media":0,"parent":0,"menu_order":0,"comment_status":"closed","ping_status":"closed","template":"templates\/about-us.php","meta":{"_acf_changed":false,"_seopress_robots_primary_cat":"","_seopress_titles_title":"","_seopress_titles_desc":"","_seopress_robots_index":"","footnotes":""},"class_list":["post-1109","page","type-page","status-publish","hentry"],"acf":[],"featured_image_src":null,"_links":{"self":[{"href":"https:\/\/atlanticcoastsurfschool.com\/de\/wp-json\/wp\/v2\/pages\/1109","targetHints":{"allow":["GET"]}}],"collection":[{"href":"https:\/\/atlanticcoastsurfschool.com\/de\/wp-json\/wp\/v2\/pages"}],"about":[{"href":"https:\/\/atlanticcoastsurfschool.com\/de\/wp-json\/wp\/v2\/types\/page"}],"author":[{"embeddable":true,"href":"https:\/\/atlanticcoastsurfschool.com\/de\/wp-json\/wp\/v2\/users\/1"}],"replies":[{"embeddable":true,"href":"https:\/\/atlanticcoastsurfschool.com\/de\/wp-json\/wp\/v2\/comments?post=1109"}],"version-history":[{"count":0,"href":"https:\/\/atlanticcoastsurfschool.com\/de\/wp-json\/wp\/v2\/pages\/1109\/revisions"}],"wp:attachment":[{"href":"https:\/\/atlanticcoastsurfschool.com\/de\/wp-json\/wp\/v2\/media?parent=1109"}],"curies":[{"name":"wp","href":"https:\/\/api.w.org\/{rel}","templated":true}]}}