{"id":1027,"date":"2025-04-03T13:04:39","date_gmt":"2025-04-03T12:04:39","guid":{"rendered":"https:\/\/atlanticcoastsurfschool.com\/atlantic-coast-surf-school\/"},"modified":"2025-07-07T10:21:24","modified_gmt":"2025-07-07T09:21:24","slug":"atlantic-coast-surf-school","status":"publish","type":"page","link":"https:\/\/atlanticcoastsurfschool.com\/de\/","title":{"rendered":"Atlantic Coast Surf School"},"content":{"rendered":"\n<div class=\"wp-block-columns is-layout-flex wp-container-core-columns-is-layout-9d6595d7 wp-block-columns-is-layout-flex\">\n<div class=\"wp-block-column is-layout-flow wp-block-column-is-layout-flow\">\n<h5 class=\"wp-block-heading text-[17px] uppercase font-bold mb-2 text-ac-orange tracking-[1.6px]\">Surf&#8217;s Up<\/h5>\n\n\n\n<h2 class=\"wp-block-heading text-4xl font-medium text-gray-800 mb-6\">Sicher<strong> <\/strong>im Ozean f\u00fchlen<\/h2>\n\n\n\n<p>In einer sicheren und unterhaltsamen Umgebung \u2013 mit qualifizierten Surflehrern und Rettungsschwimmern \u2013 an der wundersch\u00f6nen Westk\u00fcste Portugals, bekannt als die \u201eEurop\u00e4ische Goldk\u00fcste.<\/p>\n\n\n\n<p>Das Team der Atlantic Coast Surf School verf\u00fcgt \u00fcber mehr als 10 Jahre Erfahrung im professionellen Surfunterricht. Profitiere von unserem Know-how und erlebe einen unvergesslichen Surfurlaub. <\/p>\n\n\n\n<ul class=\"wp-block-list colored-title-list\">\n<li><strong><a href=\"https:\/\/atlanticcoastsurfschool.com\/de\/surfstunden\/\">Surfkurse<\/a><\/strong><br\/>W\u00e4hrend unserer Surfstunden wirst du mit einer Vielzahl von Surfboards und einem warmen Neoprenanzug ausgestattet, geeignet f\u00fcr Sommer oder Winter.<\/li>\n\n\n\n<li><strong><a href=\"https:\/\/atlanticcoastsurfschool.com\/de\/surf-unterkuenfte\/\">Surfen &amp; Unterkunft<\/a><\/strong><br\/>\u00dcbernachte in privaten Selbstversorger-Apartments direkt am Strand mit Pool und Meerblick \u2013 oder g\u00f6nn dir eine private Villa f\u00fcr mehr Komfort.<\/li>\n\n\n\n<li><strong><a href=\"https:\/\/atlanticcoastsurfschool.com\/de\/pakete\/\">Surf-Pakete<\/a><\/strong><br\/>Wir bieten private und Gruppen-Surfkurse f\u00fcr Anf\u00e4nger, Fortgeschrittene und erfahrene Surfer an.<\/li>\n<\/ul>\n<\/div>\n\n\n\n<div class=\"wp-block-column is-layout-flow wp-block-column-is-layout-flow\">\n<figure class=\"wp-block-image size-large is-style-default\"><img alt=\"\" loading=\"lazy\" decoding=\"async\" width=\"819\" height=\"1024\" src=\"https:\/\/atlanticcoastsurfschool.com\/wp-content\/uploads\/2025\/06\/home_page_surf-819x1024.webp\" alt=\"\" class=\"wp-image-795\" srcset=\"https:\/\/atlanticcoastsurfschool.com\/wp-content\/uploads\/2025\/06\/home_page_surf-819x1024.webp 819w, https:\/\/atlanticcoastsurfschool.com\/wp-content\/uploads\/2025\/06\/home_page_surf-240x300.webp 240w, https:\/\/atlanticcoastsurfschool.com\/wp-content\/uploads\/2025\/06\/home_page_surf-768x960.webp 768w, https:\/\/atlanticcoastsurfschool.com\/wp-content\/uploads\/2025\/06\/home_page_surf-600x750.webp 600w, https:\/\/atlanticcoastsurfschool.com\/wp-content\/uploads\/2025\/06\/home_page_surf.webp 1072w\" sizes=\"auto, (max-width: 819px) 100vw, 819px\" \/><\/figure>\n<\/div>\n<\/div>\n","protected":false},"excerpt":{"rendered":"<p>Surf&#8217;s Up Sicher im Ozean f\u00fchlen In einer sicheren und unterhaltsamen Umgebung \u2013 mit qualifizierten Surflehrern und Rettungsschwimmern \u2013 an der wundersch\u00f6nen Westk\u00fcste Portugals, bekannt als die \u201eEurop\u00e4ische Goldk\u00fcste. Das Team der Atlantic Coast Surf School verf\u00fcgt \u00fcber mehr als 10 Jahre Erfahrung im professionellen Surfunterricht. Profitiere von unserem Know-how und erlebe einen unvergesslichen Surfurlaub.<\/p>\n","protected":false},"author":1,"featured_media":0,"parent":0,"menu_order":0,"comment_status":"closed","ping_status":"open","template":"","meta":{"_acf_changed":false,"_seopress_robots_primary_cat":"","_seopress_titles_title":"","_seopress_titles_desc":"","_seopress_robots_index":"","footnotes":""},"class_list":["post-1027","page","type-page","status-publish","hentry"],"acf":[],"featured_image_src":null,"_links":{"self":[{"href":"https:\/\/atlanticcoastsurfschool.com\/de\/wp-json\/wp\/v2\/pages\/1027","targetHints":{"allow":["GET"]}}],"collection":[{"href":"https:\/\/atlanticcoastsurfschool.com\/de\/wp-json\/wp\/v2\/pages"}],"about":[{"href":"https:\/\/atlanticcoastsurfschool.com\/de\/wp-json\/wp\/v2\/types\/page"}],"author":[{"embeddable":true,"href":"https:\/\/atlanticcoastsurfschool.com\/de\/wp-json\/wp\/v2\/users\/1"}],"replies":[{"embeddable":true,"href":"https:\/\/atlanticcoastsurfschool.com\/de\/wp-json\/wp\/v2\/comments?post=1027"}],"version-history":[{"count":0,"href":"https:\/\/atlanticcoastsurfschool.com\/de\/wp-json\/wp\/v2\/pages\/1027\/revisions"}],"wp:attachment":[{"href":"https:\/\/atlanticcoastsurfschool.com\/de\/wp-json\/wp\/v2\/media?parent=1027"}],"curies":[{"name":"wp","href":"https:\/\/api.w.org\/{rel}","templated":true}]}}